{"id":8,"date":"2014-03-23T09:02:37","date_gmt":"2014-03-23T09:02:37","guid":{"rendered":"http:\/\/blog.monavino.de\/wordpress\/?page_id=8"},"modified":"2014-03-23T09:03:19","modified_gmt":"2014-03-23T09:03:19","slug":"impressum","status":"publish","type":"page","link":"http:\/\/blog.monavino.de\/wordpress\/?page_id=8","title":{"rendered":"Impressum"},"content":{"rendered":"<h1>Impressum<\/h1>\n<div>\n<div><strong>monavino<\/strong><\/div>\n<div><strong><span style=\"text-decoration: underline;\">Ramona Rauleder \u00a0 \u00a0 \u00a0 \u00a0 \u00a0 \u00a0 \u00a0 \u00a0 \u00a0 \u00a0 \u00a0 \u00a0 \u00a0 \u00a0 \u00a0 \u00a0 \u00a0 \u00a0 \u00a0 \u00a0 \u00a0 \u00a0 \u00a0 \u00a0 \u00a0 \u00a0 \u00a0 \u00a0 \u00a0 \u00a0 \u00a0 \u00a0\u00a0<\/span><\/strong><strong><br \/>\n<\/strong>Kulinarische Weinproben \u00a0 \u00a0 \u00a0Claude-Dornier-Str. 44<br \/>\nWeinhandel \u00a0 \u00a0 \u00a0 \u00a0 \u00a0 \u00a0 \u00a0 \u00a0 \u00a0 \u00a0 \u00a0 \u00a0 \u00a0 \u00a0 \u00a0 73760 Ostfildern\u00a0Germany<\/div>\n<div><a href=\"mailto:info@monavino.de\">info@monavino.de<\/a>\u00a0 \u00a0 \u00a0 \u00a0 \u00a0 \u00a0 \u00a0 \u00a0 \u00a0 Telefon +49 711 3428265<br \/>\n<a href=\"http:\/\/www.monavino.de\/\">www.monavino.de<\/a>\u00a0 \u00a0 \u00a0 \u00a0 \u00a0 \u00a0 \u00a0 \u00a0 \u00a0 \u00a0Mobil \u00a0 +49 151 52247798<\/div>\n<div>USt.-IdNr. \/ VAT-ID: \u00a0 \u00a0 \u00a0 \u00a0 \u00a0 \u00a0 \u00a0DE260944948<\/div>\n<div><span style=\"font-family: Arial, sans-serif;\">Verbrauchst<\/span>.\u00a0\/ excise tax nr.: DE00001565133<\/div>\n<p>&nbsp;<\/p>\n<p>Inhaltlich Verantwortlicher gem\u00e4\u00df \u00a7 10 Absatz 3 MDStV: Peter Rauleder<\/p>\n<p>Peter Rauleder<br \/>\nClaude-Dornier-Str. 44<br \/>\n73760 Ostfildern<br \/>\nTelefon: +49 (0)711 342 8265<br \/>\nE-Mail: peter.rauleder@t-online.de<\/p>\n<p>Haftungshinweis: Trotz sorgf\u00e4ltiger inhaltlicher Kontrolle \u00fcbernehmen wir keine Haftung f\u00fcr die Inhalte externer Links. F\u00fcr den Inhalt der verlinkten Seiten sind ausschlie\u00dflich deren Betreiber verantwortlich.<\/p>\n<\/div>\n","protected":false},"excerpt":{"rendered":"<p>Impressum monavino Ramona Rauleder \u00a0 \u00a0 \u00a0 \u00a0 \u00a0 \u00a0 \u00a0 \u00a0 \u00a0 \u00a0 \u00a0 \u00a0 \u00a0 \u00a0 \u00a0 \u00a0 \u00a0 \u00a0 \u00a0 \u00a0 \u00a0 \u00a0 \u00a0 \u00a0 \u00a0 \u00a0 \u00a0 \u00a0 \u00a0 \u00a0 \u00a0 \u00a0\u00a0 Kulinarische Weinproben \u00a0 \u00a0 &hellip; <a href=\"http:\/\/blog.monavino.de\/wordpress\/?page_id=8\">Weiterlesen <span class=\"meta-nav\">&rarr;<\/span><\/a><\/p>\n","protected":false},"author":1,"featured_media":0,"parent":0,"menu_order":0,"comment_status":"open","ping_status":"open","template":"","meta":[],"_links":{"self":[{"href":"http:\/\/blog.monavino.de\/wordpress\/index.php?rest_route=\/wp\/v2\/pages\/8"}],"collection":[{"href":"http:\/\/blog.monavino.de\/wordpress\/index.php?rest_route=\/wp\/v2\/pages"}],"about":[{"href":"http:\/\/blog.monavino.de\/wordpress\/index.php?rest_route=\/wp\/v2\/types\/page"}],"author":[{"embeddable":true,"href":"http:\/\/blog.monavino.de\/wordpress\/index.php?rest_route=\/wp\/v2\/users\/1"}],"replies":[{"embeddable":true,"href":"http:\/\/blog.monavino.de\/wordpress\/index.php?rest_route=%2Fwp%2Fv2%2Fcomments&post=8"}],"version-history":[{"count":3,"href":"http:\/\/blog.monavino.de\/wordpress\/index.php?rest_route=\/wp\/v2\/pages\/8\/revisions"}],"predecessor-version":[{"id":11,"href":"http:\/\/blog.monavino.de\/wordpress\/index.php?rest_route=\/wp\/v2\/pages\/8\/revisions\/11"}],"wp:attachment":[{"href":"http:\/\/blog.monavino.de\/wordpress\/index.php?rest_route=%2Fwp%2Fv2%2Fmedia&parent=8"}],"curies":[{"name":"wp","href":"https:\/\/api.w.org\/{rel}","templated":true}]}}