{"id":54,"date":"2016-09-25T14:45:25","date_gmt":"2016-09-25T14:45:25","guid":{"rendered":"http:\/\/blog.monavino.de\/wordpress\/?page_id=54"},"modified":"2020-02-27T13:20:14","modified_gmt":"2020-02-27T13:20:14","slug":"links","status":"publish","type":"page","link":"http:\/\/blog.monavino.de\/wordpress\/?page_id=54","title":{"rendered":"Links"},"content":{"rendered":"<p>Hier ein paar interessante Links.<\/p>\n<p><a href=\"http:\/\/www.wein-plus.eu\" target=\"_blank\" rel=\"noopener noreferrer\"><img loading=\"lazy\" class=\"\" src=\"http:\/\/www.wein-plus.eu\/exchange\/banner_320856_250.gif\" alt=\"Das europ\u00e4ische Wein-netzwerk\" width=\"166\" height=\"71\" border=\"0\" \/><\/a><br \/>\n<a href=\"http:\/\/wein-plus.de\">wein-plus.de<\/a>: Europas gr\u00f6\u00dftes Weinportal, bei dem auch monavino Mitglied ist. Bieten neben sehr guten Weinrezensionen und tollen Magazinbeitr\u00e4gen auch eine tolle Beratung und Unterst\u00fctzung f\u00fcr ein kleineres Wein-Business wie monavino.<\/p>\n<p><img loading=\"lazy\" class=\"\" src=\"http:\/\/www.atelier-stricker.de\/images\/IMG_4407.jpg\" width=\"140\" height=\"101\" \/><br \/>\n<a href=\"http:\/\/www.atelier-stricker.de\">atelier-stricker<\/a>:\u00a0Das Atelier des freischaffenden Malers Michael Stricker.<\/p>\n","protected":false},"excerpt":{"rendered":"<p>Hier ein paar interessante Links. wein-plus.de: Europas gr\u00f6\u00dftes Weinportal, bei dem auch monavino Mitglied ist. Bieten neben sehr guten Weinrezensionen und tollen Magazinbeitr\u00e4gen auch eine tolle Beratung und Unterst\u00fctzung f\u00fcr ein kleineres Wein-Business wie monavino. atelier-stricker:\u00a0Das Atelier des freischaffenden Malers &hellip; <a href=\"http:\/\/blog.monavino.de\/wordpress\/?page_id=54\">Weiterlesen <span class=\"meta-nav\">&rarr;<\/span><\/a><\/p>\n","protected":false},"author":1,"featured_media":0,"parent":0,"menu_order":0,"comment_status":"closed","ping_status":"closed","template":"","meta":[],"_links":{"self":[{"href":"http:\/\/blog.monavino.de\/wordpress\/index.php?rest_route=\/wp\/v2\/pages\/54"}],"collection":[{"href":"http:\/\/blog.monavino.de\/wordpress\/index.php?rest_route=\/wp\/v2\/pages"}],"about":[{"href":"http:\/\/blog.monavino.de\/wordpress\/index.php?rest_route=\/wp\/v2\/types\/page"}],"author":[{"embeddable":true,"href":"http:\/\/blog.monavino.de\/wordpress\/index.php?rest_route=\/wp\/v2\/users\/1"}],"replies":[{"embeddable":true,"href":"http:\/\/blog.monavino.de\/wordpress\/index.php?rest_route=%2Fwp%2Fv2%2Fcomments&post=54"}],"version-history":[{"count":10,"href":"http:\/\/blog.monavino.de\/wordpress\/index.php?rest_route=\/wp\/v2\/pages\/54\/revisions"}],"predecessor-version":[{"id":212,"href":"http:\/\/blog.monavino.de\/wordpress\/index.php?rest_route=\/wp\/v2\/pages\/54\/revisions\/212"}],"wp:attachment":[{"href":"http:\/\/blog.monavino.de\/wordpress\/index.php?rest_route=%2Fwp%2Fv2%2Fmedia&parent=54"}],"curies":[{"name":"wp","href":"https:\/\/api.w.org\/{rel}","templated":true}]}}